{"id":140,"date":"2020-05-24T23:59:43","date_gmt":"2020-05-24T23:59:43","guid":{"rendered":"http:\/\/americancorner-dortmund.de\/?page_id=140"},"modified":"2021-09-25T03:45:04","modified_gmt":"2021-09-25T01:45:04","slug":"home","status":"publish","type":"page","link":"https:\/\/www.americancorner-dortmund.de\/","title":{"rendered":"Home"},"content":{"rendered":"\t\t<div data-elementor-type=\"wp-post\" data-elementor-id=\"140\" class=\"elementor elementor-140\">\n\t\t\t\t\t\t<section class=\"elementor-section elementor-top-section elementor-element elementor-element-14f1821f elementor-section-content-middle elementor-section-boxed elementor-section-height-default elementor-section-height-default\" data-id=\"14f1821f\" data-element_type=\"section\" data-e-type=\"section\" data-settings=\"{&quot;background_background&quot;:&quot;classic&quot;}\">\n\t\t\t\t\t\t\t<div class=\"elementor-background-overlay\"><\/div>\n\t\t\t\t\t\t\t<div class=\"elementor-container elementor-column-gap-extended\">\n\t\t\t\t\t<div class=\"elementor-column elementor-col-33 elementor-top-column elementor-element elementor-element-8a0b65\" data-id=\"8a0b65\" data-element_type=\"column\" data-e-type=\"column\" data-settings=\"{&quot;background_background&quot;:&quot;classic&quot;}\">\n\t\t\t<div class=\"elementor-widget-wrap elementor-element-populated\">\n\t\t\t\t\t\t<div class=\"elementor-element elementor-element-40cb98a elementor-invisible elementor-widget elementor-widget-image\" data-id=\"40cb98a\" data-element_type=\"widget\" data-e-type=\"widget\" data-settings=\"{&quot;_animation&quot;:&quot;fadeInLeft&quot;}\" data-widget_type=\"image.default\">\n\t\t\t\t<div class=\"elementor-widget-container\">\n\t\t\t\t\t\t\t\t\t\t\t\t\t\t\t<img fetchpriority=\"high\" decoding=\"async\" width=\"423\" height=\"283\" src=\"https:\/\/www.americancorner-dortmund.de\/wp-content\/uploads\/2020\/05\/B2-1.png\" class=\"attachment-full size-full wp-image-205\" alt=\"\" srcset=\"https:\/\/www.americancorner-dortmund.de\/wp-content\/uploads\/2020\/05\/B2-1.png 423w, https:\/\/www.americancorner-dortmund.de\/wp-content\/uploads\/2020\/05\/B2-1-300x201.png 300w\" sizes=\"(max-width: 423px) 100vw, 423px\" \/>\t\t\t\t\t\t\t\t\t\t\t\t\t\t\t<\/div>\n\t\t\t\t<\/div>\n\t\t\t\t\t<\/div>\n\t\t<\/div>\n\t\t\t\t<div class=\"elementor-column elementor-col-33 elementor-top-column elementor-element elementor-element-6503f8ad\" data-id=\"6503f8ad\" data-element_type=\"column\" data-e-type=\"column\">\n\t\t\t<div class=\"elementor-widget-wrap elementor-element-populated\">\n\t\t\t\t\t\t<div class=\"elementor-element elementor-element-592cd26e elementor-invisible elementor-widget elementor-widget-image\" data-id=\"592cd26e\" data-element_type=\"widget\" data-e-type=\"widget\" data-settings=\"{&quot;_animation&quot;:&quot;fadeInLeft&quot;}\" data-widget_type=\"image.default\">\n\t\t\t\t<div class=\"elementor-widget-container\">\n\t\t\t\t\t\t\t\t\t\t\t\t\t\t\t<img decoding=\"async\" width=\"1688\" height=\"1184\" src=\"https:\/\/www.americancorner-dortmund.de\/wp-content\/uploads\/2020\/05\/Depositphotos_24593339_m.jpg\" class=\"attachment-full size-full wp-image-102\" alt=\"\" srcset=\"https:\/\/www.americancorner-dortmund.de\/wp-content\/uploads\/2020\/05\/Depositphotos_24593339_m.jpg 1688w, https:\/\/www.americancorner-dortmund.de\/wp-content\/uploads\/2020\/05\/Depositphotos_24593339_m-600x421.jpg 600w, https:\/\/www.americancorner-dortmund.de\/wp-content\/uploads\/2020\/05\/Depositphotos_24593339_m-300x210.jpg 300w, https:\/\/www.americancorner-dortmund.de\/wp-content\/uploads\/2020\/05\/Depositphotos_24593339_m-1024x718.jpg 1024w, https:\/\/www.americancorner-dortmund.de\/wp-content\/uploads\/2020\/05\/Depositphotos_24593339_m-768x539.jpg 768w, https:\/\/www.americancorner-dortmund.de\/wp-content\/uploads\/2020\/05\/Depositphotos_24593339_m-1536x1077.jpg 1536w\" sizes=\"(max-width: 1688px) 100vw, 1688px\" \/>\t\t\t\t\t\t\t\t\t\t\t\t\t\t\t<\/div>\n\t\t\t\t<\/div>\n\t\t\t\t\t<\/div>\n\t\t<\/div>\n\t\t\t\t<div class=\"elementor-column elementor-col-33 elementor-top-column elementor-element elementor-element-3e82b1fe\" data-id=\"3e82b1fe\" data-element_type=\"column\" data-e-type=\"column\">\n\t\t\t<div class=\"elementor-widget-wrap elementor-element-populated\">\n\t\t\t\t\t\t<div class=\"elementor-element elementor-element-623f7a4c elementor-invisible elementor-widget elementor-widget-image\" data-id=\"623f7a4c\" data-element_type=\"widget\" data-e-type=\"widget\" data-settings=\"{&quot;_animation&quot;:&quot;fadeInLeft&quot;}\" data-widget_type=\"image.default\">\n\t\t\t\t<div class=\"elementor-widget-container\">\n\t\t\t\t\t\t\t\t\t\t\t\t\t\t\t<img decoding=\"async\" width=\"423\" height=\"283\" src=\"https:\/\/www.americancorner-dortmund.de\/wp-content\/uploads\/2020\/05\/Depositphotos_6753761_xs.jpg\" class=\"attachment-full size-full wp-image-101\" alt=\"\" srcset=\"https:\/\/www.americancorner-dortmund.de\/wp-content\/uploads\/2020\/05\/Depositphotos_6753761_xs.jpg 423w, https:\/\/www.americancorner-dortmund.de\/wp-content\/uploads\/2020\/05\/Depositphotos_6753761_xs-300x201.jpg 300w\" sizes=\"(max-width: 423px) 100vw, 423px\" \/>\t\t\t\t\t\t\t\t\t\t\t\t\t\t\t<\/div>\n\t\t\t\t<\/div>\n\t\t\t\t\t<\/div>\n\t\t<\/div>\n\t\t\t\t\t<\/div>\n\t\t<\/section>\n\t\t\t\t<section class=\"elementor-section elementor-top-section elementor-element elementor-element-34a43ec5 elementor-section-content-top elementor-section-stretched elementor-section-boxed elementor-section-height-default elementor-section-height-default elementor-invisible\" data-id=\"34a43ec5\" data-element_type=\"section\" data-e-type=\"section\" data-settings=\"{&quot;background_background&quot;:&quot;classic&quot;,&quot;shape_divider_bottom&quot;:&quot;triangle&quot;,&quot;stretch_section&quot;:&quot;section-stretched&quot;,&quot;animation&quot;:&quot;fadeInDown&quot;}\">\n\t\t\t\t\t\t\t<div class=\"elementor-background-overlay\"><\/div>\n\t\t\t\t\t\t<div class=\"elementor-shape elementor-shape-bottom\" aria-hidden=\"true\" data-negative=\"false\">\n\t\t\t<svg xmlns=\"http:\/\/www.w3.org\/2000\/svg\" viewBox=\"0 0 1000 100\" preserveAspectRatio=\"none\">\n\t<path class=\"elementor-shape-fill\" d=\"M500,98.9L0,6.1V0h1000v6.1L500,98.9z\"\/>\n<\/svg>\t\t<\/div>\n\t\t\t\t\t<div class=\"elementor-container elementor-column-gap-narrow\">\n\t\t\t\t\t<div class=\"elementor-column elementor-col-33 elementor-top-column elementor-element elementor-element-2a751f91\" data-id=\"2a751f91\" data-element_type=\"column\" data-e-type=\"column\">\n\t\t\t<div class=\"elementor-widget-wrap\">\n\t\t\t\t\t\t\t<\/div>\n\t\t<\/div>\n\t\t\t\t<div class=\"elementor-column elementor-col-33 elementor-top-column elementor-element elementor-element-415f8fe6\" data-id=\"415f8fe6\" data-element_type=\"column\" data-e-type=\"column\">\n\t\t\t<div class=\"elementor-widget-wrap elementor-element-populated\">\n\t\t\t\t\t\t<div class=\"elementor-element elementor-element-65f65c42 elementor-invisible elementor-widget elementor-widget-text-editor\" data-id=\"65f65c42\" data-element_type=\"widget\" data-e-type=\"widget\" data-settings=\"{&quot;_animation&quot;:&quot;fadeInUp&quot;,&quot;_animation_delay&quot;:200}\" data-widget_type=\"text-editor.default\">\n\t\t\t\t<div class=\"elementor-widget-container\">\n\t\t\t\t\t\t\t\t\t<h2><strong>\u00a0<\/strong><br \/><strong>Tel.0231-79787670 <\/strong><\/h2>\t\t\t\t\t\t\t\t<\/div>\n\t\t\t\t<\/div>\n\t\t\t\t<div class=\"elementor-element elementor-element-6097ee2c elementor-align-center elementor-widget elementor-widget-button\" data-id=\"6097ee2c\" data-element_type=\"widget\" data-e-type=\"widget\" data-widget_type=\"button.default\">\n\t\t\t\t<div class=\"elementor-widget-container\">\n\t\t\t\t\t\t\t\t\t<div class=\"elementor-button-wrapper\">\n\t\t\t\t\t<a class=\"elementor-button elementor-button-link elementor-size-sm\" href=\"https:\/\/www.americancorner-pizza.de\/\">\n\t\t\t\t\t\t<span class=\"elementor-button-content-wrapper\">\n\t\t\t\t\t\t\t\t\t<span class=\"elementor-button-text\">Online bestellen<\/span>\n\t\t\t\t\t<\/span>\n\t\t\t\t\t<\/a>\n\t\t\t\t<\/div>\n\t\t\t\t\t\t\t\t<\/div>\n\t\t\t\t<\/div>\n\t\t\t\t\t<\/div>\n\t\t<\/div>\n\t\t\t\t<div class=\"elementor-column elementor-col-33 elementor-top-column elementor-element elementor-element-c782de3\" data-id=\"c782de3\" data-element_type=\"column\" data-e-type=\"column\">\n\t\t\t<div class=\"elementor-widget-wrap\">\n\t\t\t\t\t\t\t<\/div>\n\t\t<\/div>\n\t\t\t\t\t<\/div>\n\t\t<\/section>\n\t\t\t\t<section class=\"elementor-section elementor-top-section elementor-element elementor-element-7ae9de6b elementor-section-boxed elementor-section-height-default elementor-section-height-default\" data-id=\"7ae9de6b\" data-element_type=\"section\" data-e-type=\"section\" data-settings=\"{&quot;background_background&quot;:&quot;classic&quot;}\">\n\t\t\t\t\t\t\t<div class=\"elementor-background-overlay\"><\/div>\n\t\t\t\t\t\t\t<div class=\"elementor-container elementor-column-gap-default\">\n\t\t\t\t\t<div class=\"elementor-column elementor-col-100 elementor-top-column elementor-element elementor-element-3818dcf1\" data-id=\"3818dcf1\" data-element_type=\"column\" data-e-type=\"column\">\n\t\t\t<div class=\"elementor-widget-wrap elementor-element-populated\">\n\t\t\t\t\t\t<section class=\"elementor-section elementor-inner-section elementor-element elementor-element-4b9391c2 elementor-section-content-middle elementor-section-boxed elementor-section-height-default elementor-section-height-default\" data-id=\"4b9391c2\" data-element_type=\"section\" data-e-type=\"section\">\n\t\t\t\t\t\t<div class=\"elementor-container elementor-column-gap-default\">\n\t\t\t\t\t<div class=\"elementor-column elementor-col-25 elementor-inner-column elementor-element elementor-element-69665998\" data-id=\"69665998\" data-element_type=\"column\" data-e-type=\"column\">\n\t\t\t<div class=\"elementor-widget-wrap\">\n\t\t\t\t\t\t\t<\/div>\n\t\t<\/div>\n\t\t\t\t<div class=\"elementor-column elementor-col-50 elementor-inner-column elementor-element elementor-element-ad4ae43\" data-id=\"ad4ae43\" data-element_type=\"column\" data-e-type=\"column\">\n\t\t\t<div class=\"elementor-widget-wrap elementor-element-populated\">\n\t\t\t\t\t\t\t<\/div>\n\t\t<\/div>\n\t\t\t\t<div class=\"elementor-column elementor-col-25 elementor-inner-column elementor-element elementor-element-1f76fc53\" data-id=\"1f76fc53\" data-element_type=\"column\" data-e-type=\"column\">\n\t\t\t<div class=\"elementor-widget-wrap elementor-element-populated\">\n\t\t\t\t\t\t<div class=\"elementor-element elementor-element-229fc158 elementor-widget elementor-widget-heading\" data-id=\"229fc158\" data-element_type=\"widget\" data-e-type=\"widget\" data-widget_type=\"heading.default\">\n\t\t\t\t<div class=\"elementor-widget-container\">\n\t\t\t\t\t<h1 class=\"elementor-heading-title elementor-size-xxl\">\n<\/h1>\t\t\t\t<\/div>\n\t\t\t\t<\/div>\n\t\t\t\t\t<\/div>\n\t\t<\/div>\n\t\t\t\t\t<\/div>\n\t\t<\/section>\n\t\t\t\t\t<\/div>\n\t\t<\/div>\n\t\t\t\t\t<\/div>\n\t\t<\/section>\n\t\t\t\t<section class=\"elementor-section elementor-top-section elementor-element elementor-element-14a2fa9 elementor-section-boxed elementor-section-height-default elementor-section-height-default\" data-id=\"14a2fa9\" data-element_type=\"section\" data-e-type=\"section\">\n\t\t\t\t\t\t<div class=\"elementor-container elementor-column-gap-default\">\n\t\t\t\t\t<div class=\"elementor-column elementor-col-100 elementor-top-column elementor-element elementor-element-8da0f00\" data-id=\"8da0f00\" data-element_type=\"column\" data-e-type=\"column\">\n\t\t\t<div class=\"elementor-widget-wrap\">\n\t\t\t\t\t\t\t<\/div>\n\t\t<\/div>\n\t\t\t\t\t<\/div>\n\t\t<\/section>\n\t\t\t\t<\/div>\n\t\t","protected":false},"excerpt":{"rendered":"<p>Best in Richmond, VA Steaks &#038; BBQ Consectetur adipiscing elit elit tellus, luctus nec ullamcorper mattis, pulvinar dapibus leo.\u200b Lorem ipsum dolor sit amet, consectetur adipiscing elit. Reservations Explore Menu The BBQ Place. Our Delicious Story Luctus nec ullamcorper mattis, pulvinar dapibus leo adipiscing elit elit tellus. Nam nec tellus a odio tincidunt auctor a &hellip;<\/p>\n<p class=\"read-more\"> <a class=\"\" href=\"https:\/\/websitedemos.net\/bbq-restaurant-02\/\"> <span class=\"screen-reader-text\">Home<\/span> Read More &raquo;<\/a><\/p>\n","protected":false},"author":1,"featured_media":103,"parent":0,"menu_order":0,"comment_status":"closed","ping_status":"closed","template":"elementor_header_footer","meta":{"site-sidebar-layout":"no-sidebar","site-content-layout":"page-builder","ast-site-content-layout":"default","site-content-style":"default","site-sidebar-style":"default","ast-global-header-display":"","ast-banner-title-visibility":"","ast-main-header-display":"","ast-hfb-above-header-display":"","ast-hfb-below-header-display":"","ast-hfb-mobile-header-display":"","site-post-title":"disabled","ast-breadcrumbs-content":"","ast-featured-img":"disabled","footer-sml-layout":"","ast-disable-related-posts":"","theme-transparent-header-meta":"default","adv-header-id-meta":"","stick-header-meta":"default","header-above-stick-meta":"","header-main-stick-meta":"","header-below-stick-meta":"","astra-migrate-meta-layouts":"default","ast-page-background-enabled":"default","ast-page-background-meta":{"desktop":{"background-color":"","background-image":"","background-repeat":"repeat","background-position":"center center","background-size":"auto","background-attachment":"scroll","background-type":"","background-media":"","overlay-type":"","overlay-color":"","overlay-opacity":"","overlay-gradient":""},"tablet":{"background-color":"","background-image":"","background-repeat":"repeat","background-position":"center center","background-size":"auto","background-attachment":"scroll","background-type":"","background-media":"","overlay-type":"","overlay-color":"","overlay-opacity":"","overlay-gradient":""},"mobile":{"background-color":"","background-image":"","background-repeat":"repeat","background-position":"center center","background-size":"auto","background-attachment":"scroll","background-type":"","background-media":"","overlay-type":"","overlay-color":"","overlay-opacity":"","overlay-gradient":""}},"ast-content-background-meta":{"desktop":{"background-color":"var(--ast-global-color-5)","background-image":"","background-repeat":"repeat","background-position":"center center","background-size":"auto","background-attachment":"scroll","background-type":"","background-media":"","overlay-type":"","overlay-color":"","overlay-opacity":"","overlay-gradient":""},"tablet":{"background-color":"var(--ast-global-color-5)","background-image":"","background-repeat":"repeat","background-position":"center center","background-size":"auto","background-attachment":"scroll","background-type":"","background-media":"","overlay-type":"","overlay-color":"","overlay-opacity":"","overlay-gradient":""},"mobile":{"background-color":"var(--ast-global-color-5)","background-image":"","background-repeat":"repeat","background-position":"center center","background-size":"auto","background-attachment":"scroll","background-type":"","background-media":"","overlay-type":"","overlay-color":"","overlay-opacity":"","overlay-gradient":""}},"footnotes":""},"class_list":["post-140","page","type-page","status-publish","has-post-thumbnail","hentry"],"yoast_head":"<!-- This site is optimized with the Yoast SEO plugin v27.5 - https:\/\/yoast.com\/product\/yoast-seo-wordpress\/ -->\n<title>Home - American Corner Dortmund<\/title>\n<meta name=\"description\" content=\"&quot;Willkommen bei American Corner in Dortmund 0231-79787670 Wir freuen uns \u00fcber Ihren Besuch auf unserer Seite. Hier k\u00f6nnen Sie bequem online bestellen. Lassen Sie sich Zeit und klicken Sie sich durch alle Men\u00fcs und w\u00e4hlen Sie Ihre gew\u00fcnschten Speisen aus. F\u00fcr jeden Geschmack sollte etwas dabei sein. Nach Ihrer Online-Bestellung wird das bestellte Gericht frisch zubereitet und so schnell wie m\u00f6glich geliefert. Wir w\u00fcnschen Ihnen &quot;Guten Appetit&quot;.&quot;\" \/>\n<meta name=\"robots\" content=\"index, follow, max-snippet:-1, max-image-preview:large, max-video-preview:-1\" \/>\n<link rel=\"canonical\" href=\"https:\/\/www.americancorner-dortmund.de\/\" \/>\n<meta property=\"og:locale\" content=\"de_DE\" \/>\n<meta property=\"og:type\" content=\"article\" \/>\n<meta property=\"og:title\" content=\"Home - American Corner Dortmund\" \/>\n<meta property=\"og:description\" content=\"&quot;Willkommen bei American Corner in Dortmund 0231-79787670 Wir freuen uns \u00fcber Ihren Besuch auf unserer Seite. Hier k\u00f6nnen Sie bequem online bestellen. Lassen Sie sich Zeit und klicken Sie sich durch alle Men\u00fcs und w\u00e4hlen Sie Ihre gew\u00fcnschten Speisen aus. F\u00fcr jeden Geschmack sollte etwas dabei sein. Nach Ihrer Online-Bestellung wird das bestellte Gericht frisch zubereitet und so schnell wie m\u00f6glich geliefert. Wir w\u00fcnschen Ihnen &quot;Guten Appetit&quot;.&quot;\" \/>\n<meta property=\"og:url\" content=\"https:\/\/www.americancorner-dortmund.de\/\" \/>\n<meta property=\"og:site_name\" content=\"American Corner Dortmund\" \/>\n<meta property=\"article:modified_time\" content=\"2021-09-25T01:45:04+00:00\" \/>\n<meta property=\"og:image\" content=\"https:\/\/www.americancorner-dortmund.de\/wp-content\/uploads\/2020\/05\/Depositphotos_38990357_m.jpg\" \/>\n\t<meta property=\"og:image:width\" content=\"1732\" \/>\n\t<meta property=\"og:image:height\" content=\"1155\" \/>\n\t<meta property=\"og:image:type\" content=\"image\/jpeg\" \/>\n<meta name=\"twitter:card\" content=\"summary_large_image\" \/>\n<meta name=\"twitter:label1\" content=\"Gesch\u00e4tzte Lesezeit\" \/>\n\t<meta name=\"twitter:data1\" content=\"1\u00a0Minute\" \/>\n<script type=\"application\/ld+json\" class=\"yoast-schema-graph\">{\"@context\":\"https:\\\/\\\/schema.org\",\"@graph\":[{\"@type\":\"WebPage\",\"@id\":\"https:\\\/\\\/www.americancorner-dortmund.de\\\/\",\"url\":\"https:\\\/\\\/www.americancorner-dortmund.de\\\/\",\"name\":\"Home - American Corner Dortmund\",\"isPartOf\":{\"@id\":\"https:\\\/\\\/www.americancorner-dortmund.de\\\/#website\"},\"primaryImageOfPage\":{\"@id\":\"https:\\\/\\\/www.americancorner-dortmund.de\\\/#primaryimage\"},\"image\":{\"@id\":\"https:\\\/\\\/www.americancorner-dortmund.de\\\/#primaryimage\"},\"thumbnailUrl\":\"https:\\\/\\\/www.americancorner-dortmund.de\\\/wp-content\\\/uploads\\\/2020\\\/05\\\/Depositphotos_38990357_m.jpg\",\"datePublished\":\"2020-05-24T23:59:43+00:00\",\"dateModified\":\"2021-09-25T01:45:04+00:00\",\"description\":\"\\\"Willkommen bei American Corner in Dortmund 0231-79787670 Wir freuen uns \u00fcber Ihren Besuch auf unserer Seite. Hier k\u00f6nnen Sie bequem online bestellen. Lassen Sie sich Zeit und klicken Sie sich durch alle Men\u00fcs und w\u00e4hlen Sie Ihre gew\u00fcnschten Speisen aus. F\u00fcr jeden Geschmack sollte etwas dabei sein. Nach Ihrer Online-Bestellung wird das bestellte Gericht frisch zubereitet und so schnell wie m\u00f6glich geliefert. Wir w\u00fcnschen Ihnen \\\"Guten Appetit\\\".\\\"\",\"breadcrumb\":{\"@id\":\"https:\\\/\\\/www.americancorner-dortmund.de\\\/#breadcrumb\"},\"inLanguage\":\"de\",\"potentialAction\":[{\"@type\":\"ReadAction\",\"target\":[\"https:\\\/\\\/www.americancorner-dortmund.de\\\/\"]}]},{\"@type\":\"ImageObject\",\"inLanguage\":\"de\",\"@id\":\"https:\\\/\\\/www.americancorner-dortmund.de\\\/#primaryimage\",\"url\":\"https:\\\/\\\/www.americancorner-dortmund.de\\\/wp-content\\\/uploads\\\/2020\\\/05\\\/Depositphotos_38990357_m.jpg\",\"contentUrl\":\"https:\\\/\\\/www.americancorner-dortmund.de\\\/wp-content\\\/uploads\\\/2020\\\/05\\\/Depositphotos_38990357_m.jpg\",\"width\":1732,\"height\":1155,\"caption\":\"baked potato with cheese and bacon, tartiflette\"},{\"@type\":\"BreadcrumbList\",\"@id\":\"https:\\\/\\\/www.americancorner-dortmund.de\\\/#breadcrumb\",\"itemListElement\":[{\"@type\":\"ListItem\",\"position\":1,\"name\":\"Startseite\",\"item\":\"https:\\\/\\\/www.americancorner-dortmund.de\\\/\"},{\"@type\":\"ListItem\",\"position\":2,\"name\":\"Home\"}]},{\"@type\":\"WebSite\",\"@id\":\"https:\\\/\\\/www.americancorner-dortmund.de\\\/#website\",\"url\":\"https:\\\/\\\/www.americancorner-dortmund.de\\\/\",\"name\":\"American Corner Dortmund\",\"description\":\"Taste the American Style\",\"publisher\":{\"@id\":\"https:\\\/\\\/www.americancorner-dortmund.de\\\/#organization\"},\"potentialAction\":[{\"@type\":\"SearchAction\",\"target\":{\"@type\":\"EntryPoint\",\"urlTemplate\":\"https:\\\/\\\/www.americancorner-dortmund.de\\\/?s={search_term_string}\"},\"query-input\":{\"@type\":\"PropertyValueSpecification\",\"valueRequired\":true,\"valueName\":\"search_term_string\"}}],\"inLanguage\":\"de\"},{\"@type\":\"Organization\",\"@id\":\"https:\\\/\\\/www.americancorner-dortmund.de\\\/#organization\",\"name\":\"American Corner\",\"url\":\"https:\\\/\\\/www.americancorner-dortmund.de\\\/\",\"logo\":{\"@type\":\"ImageObject\",\"inLanguage\":\"de\",\"@id\":\"https:\\\/\\\/www.americancorner-dortmund.de\\\/#\\\/schema\\\/logo\\\/image\\\/\",\"url\":\"https:\\\/\\\/www.americancorner-dortmund.de\\\/wp-content\\\/uploads\\\/2020\\\/05\\\/american_corner.png\",\"contentUrl\":\"https:\\\/\\\/www.americancorner-dortmund.de\\\/wp-content\\\/uploads\\\/2020\\\/05\\\/american_corner.png\",\"width\":314,\"height\":148,\"caption\":\"American Corner\"},\"image\":{\"@id\":\"https:\\\/\\\/www.americancorner-dortmund.de\\\/#\\\/schema\\\/logo\\\/image\\\/\"}}]}<\/script>\n<!-- \/ Yoast SEO plugin. -->","yoast_head_json":{"title":"Home - American Corner Dortmund","description":"\"Willkommen bei American Corner in Dortmund 0231-79787670 Wir freuen uns \u00fcber Ihren Besuch auf unserer Seite. Hier k\u00f6nnen Sie bequem online bestellen. Lassen Sie sich Zeit und klicken Sie sich durch alle Men\u00fcs und w\u00e4hlen Sie Ihre gew\u00fcnschten Speisen aus. F\u00fcr jeden Geschmack sollte etwas dabei sein. Nach Ihrer Online-Bestellung wird das bestellte Gericht frisch zubereitet und so schnell wie m\u00f6glich geliefert. Wir w\u00fcnschen Ihnen \"Guten Appetit\".\"","robots":{"index":"index","follow":"follow","max-snippet":"max-snippet:-1","max-image-preview":"max-image-preview:large","max-video-preview":"max-video-preview:-1"},"canonical":"https:\/\/www.americancorner-dortmund.de\/","og_locale":"de_DE","og_type":"article","og_title":"Home - American Corner Dortmund","og_description":"\"Willkommen bei American Corner in Dortmund 0231-79787670 Wir freuen uns \u00fcber Ihren Besuch auf unserer Seite. Hier k\u00f6nnen Sie bequem online bestellen. Lassen Sie sich Zeit und klicken Sie sich durch alle Men\u00fcs und w\u00e4hlen Sie Ihre gew\u00fcnschten Speisen aus. F\u00fcr jeden Geschmack sollte etwas dabei sein. Nach Ihrer Online-Bestellung wird das bestellte Gericht frisch zubereitet und so schnell wie m\u00f6glich geliefert. Wir w\u00fcnschen Ihnen \"Guten Appetit\".\"","og_url":"https:\/\/www.americancorner-dortmund.de\/","og_site_name":"American Corner Dortmund","article_modified_time":"2021-09-25T01:45:04+00:00","og_image":[{"width":1732,"height":1155,"url":"https:\/\/www.americancorner-dortmund.de\/wp-content\/uploads\/2020\/05\/Depositphotos_38990357_m.jpg","type":"image\/jpeg"}],"twitter_card":"summary_large_image","twitter_misc":{"Gesch\u00e4tzte Lesezeit":"1\u00a0Minute"},"schema":{"@context":"https:\/\/schema.org","@graph":[{"@type":"WebPage","@id":"https:\/\/www.americancorner-dortmund.de\/","url":"https:\/\/www.americancorner-dortmund.de\/","name":"Home - American Corner Dortmund","isPartOf":{"@id":"https:\/\/www.americancorner-dortmund.de\/#website"},"primaryImageOfPage":{"@id":"https:\/\/www.americancorner-dortmund.de\/#primaryimage"},"image":{"@id":"https:\/\/www.americancorner-dortmund.de\/#primaryimage"},"thumbnailUrl":"https:\/\/www.americancorner-dortmund.de\/wp-content\/uploads\/2020\/05\/Depositphotos_38990357_m.jpg","datePublished":"2020-05-24T23:59:43+00:00","dateModified":"2021-09-25T01:45:04+00:00","description":"\"Willkommen bei American Corner in Dortmund 0231-79787670 Wir freuen uns \u00fcber Ihren Besuch auf unserer Seite. Hier k\u00f6nnen Sie bequem online bestellen. Lassen Sie sich Zeit und klicken Sie sich durch alle Men\u00fcs und w\u00e4hlen Sie Ihre gew\u00fcnschten Speisen aus. F\u00fcr jeden Geschmack sollte etwas dabei sein. Nach Ihrer Online-Bestellung wird das bestellte Gericht frisch zubereitet und so schnell wie m\u00f6glich geliefert. Wir w\u00fcnschen Ihnen \"Guten Appetit\".\"","breadcrumb":{"@id":"https:\/\/www.americancorner-dortmund.de\/#breadcrumb"},"inLanguage":"de","potentialAction":[{"@type":"ReadAction","target":["https:\/\/www.americancorner-dortmund.de\/"]}]},{"@type":"ImageObject","inLanguage":"de","@id":"https:\/\/www.americancorner-dortmund.de\/#primaryimage","url":"https:\/\/www.americancorner-dortmund.de\/wp-content\/uploads\/2020\/05\/Depositphotos_38990357_m.jpg","contentUrl":"https:\/\/www.americancorner-dortmund.de\/wp-content\/uploads\/2020\/05\/Depositphotos_38990357_m.jpg","width":1732,"height":1155,"caption":"baked potato with cheese and bacon, tartiflette"},{"@type":"BreadcrumbList","@id":"https:\/\/www.americancorner-dortmund.de\/#breadcrumb","itemListElement":[{"@type":"ListItem","position":1,"name":"Startseite","item":"https:\/\/www.americancorner-dortmund.de\/"},{"@type":"ListItem","position":2,"name":"Home"}]},{"@type":"WebSite","@id":"https:\/\/www.americancorner-dortmund.de\/#website","url":"https:\/\/www.americancorner-dortmund.de\/","name":"American Corner Dortmund","description":"Taste the American Style","publisher":{"@id":"https:\/\/www.americancorner-dortmund.de\/#organization"},"potentialAction":[{"@type":"SearchAction","target":{"@type":"EntryPoint","urlTemplate":"https:\/\/www.americancorner-dortmund.de\/?s={search_term_string}"},"query-input":{"@type":"PropertyValueSpecification","valueRequired":true,"valueName":"search_term_string"}}],"inLanguage":"de"},{"@type":"Organization","@id":"https:\/\/www.americancorner-dortmund.de\/#organization","name":"American Corner","url":"https:\/\/www.americancorner-dortmund.de\/","logo":{"@type":"ImageObject","inLanguage":"de","@id":"https:\/\/www.americancorner-dortmund.de\/#\/schema\/logo\/image\/","url":"https:\/\/www.americancorner-dortmund.de\/wp-content\/uploads\/2020\/05\/american_corner.png","contentUrl":"https:\/\/www.americancorner-dortmund.de\/wp-content\/uploads\/2020\/05\/american_corner.png","width":314,"height":148,"caption":"American Corner"},"image":{"@id":"https:\/\/www.americancorner-dortmund.de\/#\/schema\/logo\/image\/"}}]}},"_links":{"self":[{"href":"https:\/\/www.americancorner-dortmund.de\/index.php?rest_route=\/wp\/v2\/pages\/140","targetHints":{"allow":["GET"]}}],"collection":[{"href":"https:\/\/www.americancorner-dortmund.de\/index.php?rest_route=\/wp\/v2\/pages"}],"about":[{"href":"https:\/\/www.americancorner-dortmund.de\/index.php?rest_route=\/wp\/v2\/types\/page"}],"author":[{"embeddable":true,"href":"https:\/\/www.americancorner-dortmund.de\/index.php?rest_route=\/wp\/v2\/users\/1"}],"replies":[{"embeddable":true,"href":"https:\/\/www.americancorner-dortmund.de\/index.php?rest_route=%2Fwp%2Fv2%2Fcomments&post=140"}],"version-history":[{"count":37,"href":"https:\/\/www.americancorner-dortmund.de\/index.php?rest_route=\/wp\/v2\/pages\/140\/revisions"}],"predecessor-version":[{"id":273,"href":"https:\/\/www.americancorner-dortmund.de\/index.php?rest_route=\/wp\/v2\/pages\/140\/revisions\/273"}],"wp:featuredmedia":[{"embeddable":true,"href":"https:\/\/www.americancorner-dortmund.de\/index.php?rest_route=\/wp\/v2\/media\/103"}],"wp:attachment":[{"href":"https:\/\/www.americancorner-dortmund.de\/index.php?rest_route=%2Fwp%2Fv2%2Fmedia&parent=140"}],"curies":[{"name":"wp","href":"https:\/\/api.w.org\/{rel}","templated":true}]}}